{"id":1334,"date":"2025-06-16T10:10:01","date_gmt":"2025-06-16T10:10:01","guid":{"rendered":"https:\/\/beautellarquitectos.com\/politica-de-privacidad\/"},"modified":"2025-06-26T09:15:43","modified_gmt":"2025-06-26T09:15:43","slug":"politica-de-privacidad","status":"publish","type":"page","link":"https:\/\/beautellarquitectos.com\/es\/politica-de-privacidad\/","title":{"rendered":"Pol\u00edtica de Privacidad"},"content":{"rendered":"\t\t<div data-elementor-type=\"wp-page\" data-elementor-id=\"1334\" class=\"elementor elementor-1334 elementor-506\" data-elementor-post-type=\"page\">\n\t\t\t\t<div class=\"elementor-element elementor-element-c9f9202 e-flex e-con-boxed elementor-invisible e-con e-parent\" data-id=\"c9f9202\" data-element_type=\"container\" data-settings=\"{&quot;animation&quot;:&quot;fadeInUp&quot;}\">\n\t\t\t\t\t<div class=\"e-con-inner\">\n\t\t<div class=\"elementor-element elementor-element-084ee71 e-con-full e-flex e-con e-child\" data-id=\"084ee71\" data-element_type=\"container\">\n\t\t\t\t<div class=\"elementor-element elementor-element-0bb1cd9 elementor-widget elementor-widget-image\" data-id=\"0bb1cd9\" data-element_type=\"widget\" data-widget_type=\"image.default\">\n\t\t\t\t<div class=\"elementor-widget-container\">\n\t\t\t\t\t\t\t\t\t\t\t\t\t\t\t<img decoding=\"async\" width=\"198\" height=\"41\" src=\"https:\/\/beautellarquitectos.com\/wp-content\/uploads\/2025\/06\/logo-beautell.svg\" class=\"attachment-large size-large wp-image-863\" alt=\"\" \/>\t\t\t\t\t\t\t\t\t\t\t\t\t\t\t<\/div>\n\t\t\t\t<\/div>\n\t\t\t\t<\/div>\n\t\t\t\t\t<\/div>\n\t\t\t\t<\/div>\n\t\t<div class=\"elementor-element elementor-element-6686c81 e-flex e-con-boxed elementor-invisible e-con e-parent\" data-id=\"6686c81\" data-element_type=\"container\" data-settings=\"{&quot;animation&quot;:&quot;fadeInUp&quot;}\">\n\t\t\t\t\t<div class=\"e-con-inner\">\n\t\t<div class=\"elementor-element elementor-element-bc715f7 e-con-full e-flex e-con e-child\" data-id=\"bc715f7\" data-element_type=\"container\">\n\t\t\t\t<div class=\"elementor-element elementor-element-61ec3b7 elementor-widget elementor-widget-heading\" data-id=\"61ec3b7\" data-element_type=\"widget\" data-widget_type=\"heading.default\">\n\t\t\t\t<div class=\"elementor-widget-container\">\n\t\t\t\t\t<h2 class=\"elementor-heading-title elementor-size-default\"> Pol\u00edtica de Privacidad (RGPD-LOPDGDD)<\/h2>\t\t\t\t<\/div>\n\t\t\t\t<\/div>\n\t\t\t\t<div class=\"elementor-element elementor-element-7b42994 elementor-widget elementor-widget-text-editor\" data-id=\"7b42994\" data-element_type=\"widget\" data-widget_type=\"text-editor.default\">\n\t\t\t\t<div class=\"elementor-widget-container\">\n\t\t\t\t\t\t\t\t\t<p><b>Responsable<\/b><span style=\"font-weight: 400;\"><br><\/span><span style=\"font-weight: 400;\">Alejandro Beautell Garc\u00eda \u2013 Beautell Arquitectos. Datos de contacto arriba indicados. <\/span><\/p><p><b>Datos que se recopilan<\/b><\/p><ul><li style=\"font-weight: 400;\" aria-level=\"1\"><span style=\"font-weight: 400;\">Nombre y correo electr\u00f3nico (formulario de contacto).<\/span><\/li><li style=\"font-weight: 400;\" aria-level=\"1\"><span style=\"font-weight: 400;\">Cookies t\u00e9cnicas y anal\u00edticas (ver Pol\u00edtica de Cookies).<\/span><\/li><\/ul><p><b><br>Finalidad y legitimaci\u00f3n<\/b><\/p><ul><li style=\"font-weight: 400;\" aria-level=\"1\"><span style=\"font-weight: 400;\">Responder a consultas \u2192 consentimiento (art.\u202f6.1\u202fa RGPD). <\/span><\/li><li style=\"font-weight: 400;\" aria-level=\"1\"><span style=\"font-weight: 400;\">Anal\u00edtica web \u2192 consentimiento.<\/span><\/li><\/ul><p><b><br>Conservaci\u00f3n<\/b><\/p><ul><li style=\"font-weight: 400;\" aria-level=\"1\"><span style=\"font-weight: 400;\">Formularios: 12\u202fmeses o hasta que se solicite su supresi\u00f3n.<\/span><\/li><li style=\"font-weight: 400;\" aria-level=\"1\"><span style=\"font-weight: 400;\">Anal\u00edtica: 24\u202fmeses.<\/span><\/li><\/ul><p><b><br>Derechos<\/b><span style=\"font-weight: 400;\"><br><\/span><span style=\"font-weight: 400;\">Puedes ejercer acceso, rectificaci\u00f3n, supresi\u00f3n, oposici\u00f3n, limitaci\u00f3n o portabilidad escribiendo a <\/span><b>info@beautellarquitectos.com<\/b><span style=\"font-weight: 400;\"> y reclamar ante la AEPD.<\/span><\/p>\t\t\t\t\t\t\t\t<\/div>\n\t\t\t\t<\/div>\n\t\t\t\t<\/div>\n\t\t<div class=\"elementor-element elementor-element-1c7a720 e-con-full e-flex e-con e-child\" data-id=\"1c7a720\" data-element_type=\"container\" data-settings=\"{&quot;background_background&quot;:&quot;classic&quot;}\">\n\t\t\t\t<div class=\"elementor-element elementor-element-355aaea elementor-nav-menu__align-start menu-sidebar elementor-nav-menu--dropdown-tablet elementor-nav-menu__text-align-aside elementor-nav-menu--toggle elementor-nav-menu--burger elementor-widget elementor-widget-nav-menu\" data-id=\"355aaea\" data-element_type=\"widget\" data-settings=\"{&quot;layout&quot;:&quot;vertical&quot;,&quot;submenu_icon&quot;:{&quot;value&quot;:&quot;&lt;svg class=\\&quot;e-font-icon-svg e-fas-caret-down\\&quot; viewBox=\\&quot;0 0 320 512\\&quot; xmlns=\\&quot;http:\\\/\\\/www.w3.org\\\/2000\\\/svg\\&quot;&gt;&lt;path d=\\&quot;M31.3 192h257.3c17.8 0 26.7 21.5 14.1 34.1L174.1 354.8c-7.8 7.8-20.5 7.8-28.3 0L17.2 226.1C4.6 213.5 13.5 192 31.3 192z\\&quot;&gt;&lt;\\\/path&gt;&lt;\\\/svg&gt;&quot;,&quot;library&quot;:&quot;fa-solid&quot;},&quot;toggle&quot;:&quot;burger&quot;}\" data-widget_type=\"nav-menu.default\">\n\t\t\t\t<div class=\"elementor-widget-container\">\n\t\t\t\t\t\t\t\t<nav aria-label=\"Men\u00fa\" class=\"elementor-nav-menu--main elementor-nav-menu__container elementor-nav-menu--layout-vertical e--pointer-text e--animation-none\">\n\t\t\t\t<ul id=\"menu-1-355aaea\" class=\"elementor-nav-menu sm-vertical\"><li class=\"menu-item menu-item-type-post_type menu-item-object-page menu-item-68\"><a href=\"https:\/\/beautellarquitectos.com\/works\/\" class=\"elementor-item\">Works<\/a><\/li>\n<li class=\"menu-item menu-item-type-post_type menu-item-object-page menu-item-66\"><a href=\"https:\/\/beautellarquitectos.com\/thinking\/\" class=\"elementor-item\">Thinking<\/a><\/li>\n<li class=\"menu-item menu-item-type-post_type menu-item-object-page menu-item-67\"><a href=\"https:\/\/beautellarquitectos.com\/practice\/\" class=\"elementor-item\">Practice<\/a><\/li>\n<li class=\"menu-item wpml-ls-slot-4 wpml-ls-item wpml-ls-item-en wpml-ls-menu-item wpml-ls-first-item wpml-ls-last-item menu-item-type-wpml_ls_menu_item menu-item-object-wpml_ls_menu_item menu-item-wpml-ls-4-en\"><a href=\"https:\/\/beautellarquitectos.com\/\" title=\"Cambiar a EN\" class=\"elementor-item\"><span class=\"wpml-ls-native\" lang=\"en\">EN<\/span><\/a><\/li>\n<\/ul>\t\t\t<\/nav>\n\t\t\t\t\t<div class=\"elementor-menu-toggle\" role=\"button\" tabindex=\"0\" aria-label=\"Alternar men\u00fa\" aria-expanded=\"false\">\n\t\t\t<svg aria-hidden=\"true\" role=\"presentation\" class=\"elementor-menu-toggle__icon--open e-font-icon-svg e-eicon-menu-bar\" viewBox=\"0 0 1000 1000\" xmlns=\"http:\/\/www.w3.org\/2000\/svg\"><path d=\"M104 333H896C929 333 958 304 958 271S929 208 896 208H104C71 208 42 237 42 271S71 333 104 333ZM104 583H896C929 583 958 554 958 521S929 458 896 458H104C71 458 42 487 42 521S71 583 104 583ZM104 833H896C929 833 958 804 958 771S929 708 896 708H104C71 708 42 737 42 771S71 833 104 833Z\"><\/path><\/svg><svg aria-hidden=\"true\" role=\"presentation\" class=\"elementor-menu-toggle__icon--close e-font-icon-svg e-eicon-close\" viewBox=\"0 0 1000 1000\" xmlns=\"http:\/\/www.w3.org\/2000\/svg\"><path d=\"M742 167L500 408 258 167C246 154 233 150 217 150 196 150 179 158 167 167 154 179 150 196 150 212 150 229 154 242 171 254L408 500 167 742C138 771 138 800 167 829 196 858 225 858 254 829L496 587 738 829C750 842 767 846 783 846 800 846 817 842 829 829 842 817 846 804 846 783 846 767 842 750 829 737L588 500 833 258C863 229 863 200 833 171 804 137 775 137 742 167Z\"><\/path><\/svg>\t\t<\/div>\n\t\t\t\t\t<nav class=\"elementor-nav-menu--dropdown elementor-nav-menu__container\" aria-hidden=\"true\">\n\t\t\t\t<ul id=\"menu-2-355aaea\" class=\"elementor-nav-menu sm-vertical\"><li class=\"menu-item menu-item-type-post_type menu-item-object-page menu-item-68\"><a href=\"https:\/\/beautellarquitectos.com\/works\/\" class=\"elementor-item\" tabindex=\"-1\">Works<\/a><\/li>\n<li class=\"menu-item menu-item-type-post_type menu-item-object-page menu-item-66\"><a href=\"https:\/\/beautellarquitectos.com\/thinking\/\" class=\"elementor-item\" tabindex=\"-1\">Thinking<\/a><\/li>\n<li class=\"menu-item menu-item-type-post_type menu-item-object-page menu-item-67\"><a href=\"https:\/\/beautellarquitectos.com\/practice\/\" class=\"elementor-item\" tabindex=\"-1\">Practice<\/a><\/li>\n<li class=\"menu-item wpml-ls-slot-4 wpml-ls-item wpml-ls-item-en wpml-ls-menu-item wpml-ls-first-item wpml-ls-last-item menu-item-type-wpml_ls_menu_item menu-item-object-wpml_ls_menu_item menu-item-wpml-ls-4-en\"><a href=\"https:\/\/beautellarquitectos.com\/\" title=\"Cambiar a EN\" class=\"elementor-item\" tabindex=\"-1\"><span class=\"wpml-ls-native\" lang=\"en\">EN<\/span><\/a><\/li>\n<\/ul>\t\t\t<\/nav>\n\t\t\t\t\t\t<\/div>\n\t\t\t\t<\/div>\n\t\t\t\t<\/div>\n\t\t\t\t\t<\/div>\n\t\t\t\t<\/div>\n\t\t\t\t<\/div>\n\t\t","protected":false},"excerpt":{"rendered":"<p>Pol\u00edtica de Privacidad (RGPD-LOPDGDD) ResponsableAlejandro Beautell Garc\u00eda \u2013 Beautell Arquitectos. Datos de contacto arriba indicados. Datos que se recopilan Nombre y correo electr\u00f3nico (formulario de contacto). Cookies t\u00e9cnicas y anal\u00edticas (ver Pol\u00edtica de Cookies). Finalidad y legitimaci\u00f3n Responder a consultas \u2192 consentimiento (art.\u202f6.1\u202fa RGPD). Anal\u00edtica web \u2192 consentimiento. Conservaci\u00f3n Formularios: 12\u202fmeses o hasta que se [&hellip;]<\/p>\n","protected":false},"author":1,"featured_media":1600,"parent":0,"menu_order":0,"comment_status":"closed","ping_status":"closed","template":"","meta":{"_acf_changed":false,"footnotes":""},"class_list":["post-1334","page","type-page","status-publish","has-post-thumbnail","hentry"],"acf":[],"yoast_head":"<!-- This site is optimized with the Yoast SEO plugin v27.3 - https:\/\/yoast.com\/product\/yoast-seo-wordpress\/ -->\n<title>Pol\u00edtica de Privacidad - Beautell Arquitectos<\/title>\n<meta name=\"robots\" content=\"index, follow, max-snippet:-1, max-image-preview:large, max-video-preview:-1\" \/>\n<link rel=\"canonical\" href=\"https:\/\/beautellarquitectos.com\/es\/politica-de-privacidad\/\" \/>\n<meta property=\"og:locale\" content=\"es_ES\" \/>\n<meta property=\"og:type\" content=\"article\" \/>\n<meta property=\"og:title\" content=\"Pol\u00edtica de Privacidad - Beautell Arquitectos\" \/>\n<meta property=\"og:description\" content=\"Pol\u00edtica de Privacidad (RGPD-LOPDGDD) ResponsableAlejandro Beautell Garc\u00eda \u2013 Beautell Arquitectos. Datos de contacto arriba indicados. Datos que se recopilan Nombre y correo electr\u00f3nico (formulario de contacto). Cookies t\u00e9cnicas y anal\u00edticas (ver Pol\u00edtica de Cookies). Finalidad y legitimaci\u00f3n Responder a consultas \u2192 consentimiento (art.\u202f6.1\u202fa RGPD). Anal\u00edtica web \u2192 consentimiento. Conservaci\u00f3n Formularios: 12\u202fmeses o hasta que se [&hellip;]\" \/>\n<meta property=\"og:url\" content=\"https:\/\/beautellarquitectos.com\/es\/politica-de-privacidad\/\" \/>\n<meta property=\"og:site_name\" content=\"Beautell Arquitectos\" \/>\n<meta property=\"article:modified_time\" content=\"2025-06-26T09:15:43+00:00\" \/>\n<meta property=\"og:image\" content=\"https:\/\/beautellarquitectos.com\/wp-content\/uploads\/2025\/06\/featured-image-beautell.jpg\" \/>\n\t<meta property=\"og:image:width\" content=\"1200\" \/>\n\t<meta property=\"og:image:height\" content=\"400\" \/>\n\t<meta property=\"og:image:type\" content=\"image\/jpeg\" \/>\n<meta name=\"twitter:card\" content=\"summary_large_image\" \/>\n<script type=\"application\/ld+json\" class=\"yoast-schema-graph\">{\"@context\":\"https:\\\/\\\/schema.org\",\"@graph\":[{\"@type\":\"WebPage\",\"@id\":\"https:\\\/\\\/beautellarquitectos.com\\\/es\\\/politica-de-privacidad\\\/\",\"url\":\"https:\\\/\\\/beautellarquitectos.com\\\/es\\\/politica-de-privacidad\\\/\",\"name\":\"Pol\u00edtica de Privacidad - Beautell Arquitectos\",\"isPartOf\":{\"@id\":\"https:\\\/\\\/beautellarquitectos.com\\\/es\\\/#website\"},\"primaryImageOfPage\":{\"@id\":\"https:\\\/\\\/beautellarquitectos.com\\\/es\\\/politica-de-privacidad\\\/#primaryimage\"},\"image\":{\"@id\":\"https:\\\/\\\/beautellarquitectos.com\\\/es\\\/politica-de-privacidad\\\/#primaryimage\"},\"thumbnailUrl\":\"https:\\\/\\\/beautellarquitectos.com\\\/wp-content\\\/uploads\\\/2025\\\/06\\\/featured-image-beautell.jpg\",\"datePublished\":\"2025-06-16T10:10:01+00:00\",\"dateModified\":\"2025-06-26T09:15:43+00:00\",\"breadcrumb\":{\"@id\":\"https:\\\/\\\/beautellarquitectos.com\\\/es\\\/politica-de-privacidad\\\/#breadcrumb\"},\"inLanguage\":\"es\",\"potentialAction\":[{\"@type\":\"ReadAction\",\"target\":[\"https:\\\/\\\/beautellarquitectos.com\\\/es\\\/politica-de-privacidad\\\/\"]}]},{\"@type\":\"ImageObject\",\"inLanguage\":\"es\",\"@id\":\"https:\\\/\\\/beautellarquitectos.com\\\/es\\\/politica-de-privacidad\\\/#primaryimage\",\"url\":\"https:\\\/\\\/beautellarquitectos.com\\\/wp-content\\\/uploads\\\/2025\\\/06\\\/featured-image-beautell.jpg\",\"contentUrl\":\"https:\\\/\\\/beautellarquitectos.com\\\/wp-content\\\/uploads\\\/2025\\\/06\\\/featured-image-beautell.jpg\",\"width\":1200,\"height\":400},{\"@type\":\"BreadcrumbList\",\"@id\":\"https:\\\/\\\/beautellarquitectos.com\\\/es\\\/politica-de-privacidad\\\/#breadcrumb\",\"itemListElement\":[{\"@type\":\"ListItem\",\"position\":1,\"name\":\"Portada\",\"item\":\"https:\\\/\\\/beautellarquitectos.com\\\/es\\\/\"},{\"@type\":\"ListItem\",\"position\":2,\"name\":\"Pol\u00edtica de Privacidad\"}]},{\"@type\":\"WebSite\",\"@id\":\"https:\\\/\\\/beautellarquitectos.com\\\/es\\\/#website\",\"url\":\"https:\\\/\\\/beautellarquitectos.com\\\/es\\\/\",\"name\":\"Beautell Arquitectos\",\"description\":\"Alejandro y Fernando Beautell Islas Canarias Espa&ntilde;a\",\"potentialAction\":[{\"@type\":\"SearchAction\",\"target\":{\"@type\":\"EntryPoint\",\"urlTemplate\":\"https:\\\/\\\/beautellarquitectos.com\\\/es\\\/?s={search_term_string}\"},\"query-input\":{\"@type\":\"PropertyValueSpecification\",\"valueRequired\":true,\"valueName\":\"search_term_string\"}}],\"inLanguage\":\"es\"}]}<\/script>\n<!-- \/ Yoast SEO plugin. -->","yoast_head_json":{"title":"Pol\u00edtica de Privacidad - Beautell Arquitectos","robots":{"index":"index","follow":"follow","max-snippet":"max-snippet:-1","max-image-preview":"max-image-preview:large","max-video-preview":"max-video-preview:-1"},"canonical":"https:\/\/beautellarquitectos.com\/es\/politica-de-privacidad\/","og_locale":"es_ES","og_type":"article","og_title":"Pol\u00edtica de Privacidad - Beautell Arquitectos","og_description":"Pol\u00edtica de Privacidad (RGPD-LOPDGDD) ResponsableAlejandro Beautell Garc\u00eda \u2013 Beautell Arquitectos. Datos de contacto arriba indicados. Datos que se recopilan Nombre y correo electr\u00f3nico (formulario de contacto). Cookies t\u00e9cnicas y anal\u00edticas (ver Pol\u00edtica de Cookies). Finalidad y legitimaci\u00f3n Responder a consultas \u2192 consentimiento (art.\u202f6.1\u202fa RGPD). Anal\u00edtica web \u2192 consentimiento. Conservaci\u00f3n Formularios: 12\u202fmeses o hasta que se [&hellip;]","og_url":"https:\/\/beautellarquitectos.com\/es\/politica-de-privacidad\/","og_site_name":"Beautell Arquitectos","article_modified_time":"2025-06-26T09:15:43+00:00","og_image":[{"width":1200,"height":400,"url":"https:\/\/beautellarquitectos.com\/wp-content\/uploads\/2025\/06\/featured-image-beautell.jpg","type":"image\/jpeg"}],"twitter_card":"summary_large_image","schema":{"@context":"https:\/\/schema.org","@graph":[{"@type":"WebPage","@id":"https:\/\/beautellarquitectos.com\/es\/politica-de-privacidad\/","url":"https:\/\/beautellarquitectos.com\/es\/politica-de-privacidad\/","name":"Pol\u00edtica de Privacidad - Beautell Arquitectos","isPartOf":{"@id":"https:\/\/beautellarquitectos.com\/es\/#website"},"primaryImageOfPage":{"@id":"https:\/\/beautellarquitectos.com\/es\/politica-de-privacidad\/#primaryimage"},"image":{"@id":"https:\/\/beautellarquitectos.com\/es\/politica-de-privacidad\/#primaryimage"},"thumbnailUrl":"https:\/\/beautellarquitectos.com\/wp-content\/uploads\/2025\/06\/featured-image-beautell.jpg","datePublished":"2025-06-16T10:10:01+00:00","dateModified":"2025-06-26T09:15:43+00:00","breadcrumb":{"@id":"https:\/\/beautellarquitectos.com\/es\/politica-de-privacidad\/#breadcrumb"},"inLanguage":"es","potentialAction":[{"@type":"ReadAction","target":["https:\/\/beautellarquitectos.com\/es\/politica-de-privacidad\/"]}]},{"@type":"ImageObject","inLanguage":"es","@id":"https:\/\/beautellarquitectos.com\/es\/politica-de-privacidad\/#primaryimage","url":"https:\/\/beautellarquitectos.com\/wp-content\/uploads\/2025\/06\/featured-image-beautell.jpg","contentUrl":"https:\/\/beautellarquitectos.com\/wp-content\/uploads\/2025\/06\/featured-image-beautell.jpg","width":1200,"height":400},{"@type":"BreadcrumbList","@id":"https:\/\/beautellarquitectos.com\/es\/politica-de-privacidad\/#breadcrumb","itemListElement":[{"@type":"ListItem","position":1,"name":"Portada","item":"https:\/\/beautellarquitectos.com\/es\/"},{"@type":"ListItem","position":2,"name":"Pol\u00edtica de Privacidad"}]},{"@type":"WebSite","@id":"https:\/\/beautellarquitectos.com\/es\/#website","url":"https:\/\/beautellarquitectos.com\/es\/","name":"Beautell Arquitectos","description":"Alejandro y Fernando Beautell Islas Canarias Espa&ntilde;a","potentialAction":[{"@type":"SearchAction","target":{"@type":"EntryPoint","urlTemplate":"https:\/\/beautellarquitectos.com\/es\/?s={search_term_string}"},"query-input":{"@type":"PropertyValueSpecification","valueRequired":true,"valueName":"search_term_string"}}],"inLanguage":"es"}]}},"_links":{"self":[{"href":"https:\/\/beautellarquitectos.com\/es\/wp-json\/wp\/v2\/pages\/1334","targetHints":{"allow":["GET"]}}],"collection":[{"href":"https:\/\/beautellarquitectos.com\/es\/wp-json\/wp\/v2\/pages"}],"about":[{"href":"https:\/\/beautellarquitectos.com\/es\/wp-json\/wp\/v2\/types\/page"}],"author":[{"embeddable":true,"href":"https:\/\/beautellarquitectos.com\/es\/wp-json\/wp\/v2\/users\/1"}],"replies":[{"embeddable":true,"href":"https:\/\/beautellarquitectos.com\/es\/wp-json\/wp\/v2\/comments?post=1334"}],"version-history":[{"count":1,"href":"https:\/\/beautellarquitectos.com\/es\/wp-json\/wp\/v2\/pages\/1334\/revisions"}],"predecessor-version":[{"id":1335,"href":"https:\/\/beautellarquitectos.com\/es\/wp-json\/wp\/v2\/pages\/1334\/revisions\/1335"}],"wp:featuredmedia":[{"embeddable":true,"href":"https:\/\/beautellarquitectos.com\/es\/wp-json\/wp\/v2\/media\/1600"}],"wp:attachment":[{"href":"https:\/\/beautellarquitectos.com\/es\/wp-json\/wp\/v2\/media?parent=1334"}],"curies":[{"name":"wp","href":"https:\/\/api.w.org\/{rel}","templated":true}]}}