{"id":1332,"date":"2025-06-16T09:59:32","date_gmt":"2025-06-16T09:59:32","guid":{"rendered":"https:\/\/beautellarquitectos.com\/aviso-legal\/"},"modified":"2025-06-26T09:15:32","modified_gmt":"2025-06-26T09:15:32","slug":"aviso-legal","status":"publish","type":"page","link":"https:\/\/beautellarquitectos.com\/es\/aviso-legal\/","title":{"rendered":"Aviso Legal"},"content":{"rendered":"\t\t<div data-elementor-type=\"wp-page\" data-elementor-id=\"1332\" class=\"elementor elementor-1332 elementor-484\" data-elementor-post-type=\"page\">\n\t\t\t\t<div class=\"elementor-element elementor-element-0bbfcbe e-flex e-con-boxed elementor-invisible e-con e-parent\" data-id=\"0bbfcbe\" data-element_type=\"container\" data-settings=\"{&quot;animation&quot;:&quot;fadeInUp&quot;}\">\n\t\t\t\t\t<div class=\"e-con-inner\">\n\t\t<div class=\"elementor-element elementor-element-a7ad997 e-con-full e-flex e-con e-child\" data-id=\"a7ad997\" data-element_type=\"container\">\n\t\t\t\t<div class=\"elementor-element elementor-element-2b996b0 elementor-widget elementor-widget-image\" data-id=\"2b996b0\" data-element_type=\"widget\" data-widget_type=\"image.default\">\n\t\t\t\t<div class=\"elementor-widget-container\">\n\t\t\t\t\t\t\t\t\t\t\t\t\t\t\t<img decoding=\"async\" width=\"198\" height=\"41\" src=\"https:\/\/beautellarquitectos.com\/wp-content\/uploads\/2025\/06\/logo-beautell.svg\" class=\"attachment-large size-large wp-image-863\" alt=\"\" \/>\t\t\t\t\t\t\t\t\t\t\t\t\t\t\t<\/div>\n\t\t\t\t<\/div>\n\t\t\t\t<\/div>\n\t\t\t\t\t<\/div>\n\t\t\t\t<\/div>\n\t\t<div class=\"elementor-element elementor-element-f007228 e-flex e-con-boxed elementor-invisible e-con e-parent\" data-id=\"f007228\" data-element_type=\"container\" data-settings=\"{&quot;animation&quot;:&quot;fadeInUp&quot;}\">\n\t\t\t\t\t<div class=\"e-con-inner\">\n\t\t<div class=\"elementor-element elementor-element-dcd4a76 e-con-full e-flex e-con e-child\" data-id=\"dcd4a76\" data-element_type=\"container\">\n\t\t\t\t<div class=\"elementor-element elementor-element-73a1cb3 elementor-widget elementor-widget-heading\" data-id=\"73a1cb3\" data-element_type=\"widget\" data-widget_type=\"heading.default\">\n\t\t\t\t<div class=\"elementor-widget-container\">\n\t\t\t\t\t<h2 class=\"elementor-heading-title elementor-size-default\">Aviso Legal<\/h2>\t\t\t\t<\/div>\n\t\t\t\t<\/div>\n\t\t\t\t<div class=\"elementor-element elementor-element-36ebd79 elementor-widget elementor-widget-text-editor\" data-id=\"36ebd79\" data-element_type=\"widget\" data-widget_type=\"text-editor.default\">\n\t\t\t\t<div class=\"elementor-widget-container\">\n\t\t\t\t\t\t\t\t\t<p><b>Titular del sitio<br><\/b><\/p><ul><li style=\"font-weight: 400;\" aria-level=\"1\"><span style=\"font-weight: 400;\">Nombre comercial: <\/span><b>Beautell Architects<\/b><\/li><li style=\"font-weight: 400;\" aria-level=\"1\"><span style=\"font-weight: 400;\">Titular: <\/span><b>Alejandro Beautell Garc\u00eda<\/b><span style=\"font-weight: 400;\"> <\/span><\/li><li style=\"font-weight: 400;\" aria-level=\"1\"><span style=\"font-weight: 400;\">NIF: <\/span><b>78559537R<\/b><\/li><li style=\"font-weight: 400;\" aria-level=\"1\"><span style=\"font-weight: 400;\">Domicilio profesional: <\/span><b>C\/ Se\u00f1or de las Tribulaciones 11-22, 38001 Santa Cruz de Tenerife, Espa\u00f1a<\/b><\/li><li style=\"font-weight: 400;\" aria-level=\"1\"><span style=\"font-weight: 400;\">Contacto: <\/span><b>info@beautellarquitectos.com<\/b><span style=\"font-weight: 400;\"> | <\/span><b>+34 922 897 034<\/b><\/li><li style=\"font-weight: 400;\" aria-level=\"1\"><span style=\"font-weight: 400;\">Colegiado <\/span><b>2,856<\/b><span style=\"font-weight: 400;\"> del Colegio Oficial de Arquitectos de Tenerife, La Gomera y El Hierro<\/span><\/li><\/ul><p><b><br>Objeto<\/b><span style=\"font-weight: 400;\"><br><\/span><span style=\"font-weight: 400;\">Este sitio web muestra la informaci\u00f3n profesional del arquitecto. Su acceso implica la aceptaci\u00f3n de este aviso y de la pol\u00edtica de privacidad.<\/span><\/p><p><b>Propiedad intelectual<\/b><span style=\"font-weight: 400;\"><br><\/span><span style=\"font-weight: 400;\">Los contenidos son titularidad de Alejandro Beautell o cuentan con la autorizaci\u00f3n correspondiente. Queda prohibida su reproducci\u00f3n sin permiso.<\/span><\/p><p><b>Responsabilidad<\/b><span style=\"font-weight: 400;\"><br><\/span><span style=\"font-weight: 400;\">Este sitio tiene car\u00e1cter meramente informativo. El titular no garantiza la exactitud permanente de los contenidos ni se responsabiliza del uso que se haga de ellos ni de los enlaces externos.<\/span><\/p><p><b>Legislaci\u00f3n y jurisdicci\u00f3n<\/b><span style=\"font-weight: 400;\"><br><\/span><span style=\"font-weight: 400;\">Se aplica la ley espa\u00f1ola. Las controversias se someter\u00e1n a los Juzgados y Tribunales de Santa Cruz de Tenerife.<\/span><\/p>\t\t\t\t\t\t\t\t<\/div>\n\t\t\t\t<\/div>\n\t\t\t\t<\/div>\n\t\t<div class=\"elementor-element elementor-element-69823fc e-con-full e-flex e-con e-child\" data-id=\"69823fc\" data-element_type=\"container\" data-settings=\"{&quot;background_background&quot;:&quot;classic&quot;}\">\n\t\t\t\t<div class=\"elementor-element elementor-element-950a9d5 elementor-nav-menu__align-start menu-sidebar elementor-nav-menu--dropdown-tablet elementor-nav-menu__text-align-aside elementor-nav-menu--toggle elementor-nav-menu--burger elementor-widget elementor-widget-nav-menu\" data-id=\"950a9d5\" data-element_type=\"widget\" data-settings=\"{&quot;layout&quot;:&quot;vertical&quot;,&quot;submenu_icon&quot;:{&quot;value&quot;:&quot;&lt;svg class=\\&quot;e-font-icon-svg e-fas-caret-down\\&quot; viewBox=\\&quot;0 0 320 512\\&quot; xmlns=\\&quot;http:\\\/\\\/www.w3.org\\\/2000\\\/svg\\&quot;&gt;&lt;path d=\\&quot;M31.3 192h257.3c17.8 0 26.7 21.5 14.1 34.1L174.1 354.8c-7.8 7.8-20.5 7.8-28.3 0L17.2 226.1C4.6 213.5 13.5 192 31.3 192z\\&quot;&gt;&lt;\\\/path&gt;&lt;\\\/svg&gt;&quot;,&quot;library&quot;:&quot;fa-solid&quot;},&quot;toggle&quot;:&quot;burger&quot;}\" data-widget_type=\"nav-menu.default\">\n\t\t\t\t<div class=\"elementor-widget-container\">\n\t\t\t\t\t\t\t\t<nav aria-label=\"Men\u00fa\" class=\"elementor-nav-menu--main elementor-nav-menu__container elementor-nav-menu--layout-vertical e--pointer-text e--animation-none\">\n\t\t\t\t<ul id=\"menu-1-950a9d5\" class=\"elementor-nav-menu sm-vertical\"><li class=\"menu-item menu-item-type-post_type menu-item-object-page menu-item-68\"><a href=\"https:\/\/beautellarquitectos.com\/works\/\" class=\"elementor-item\">Works<\/a><\/li>\n<li class=\"menu-item menu-item-type-post_type menu-item-object-page menu-item-66\"><a href=\"https:\/\/beautellarquitectos.com\/thinking\/\" class=\"elementor-item\">Thinking<\/a><\/li>\n<li class=\"menu-item menu-item-type-post_type menu-item-object-page menu-item-67\"><a href=\"https:\/\/beautellarquitectos.com\/practice\/\" class=\"elementor-item\">Practice<\/a><\/li>\n<li class=\"menu-item wpml-ls-slot-4 wpml-ls-item wpml-ls-item-en wpml-ls-menu-item wpml-ls-first-item wpml-ls-last-item menu-item-type-wpml_ls_menu_item menu-item-object-wpml_ls_menu_item menu-item-wpml-ls-4-en\"><a href=\"https:\/\/beautellarquitectos.com\/\" title=\"Cambiar a EN\" class=\"elementor-item\"><span class=\"wpml-ls-native\" lang=\"en\">EN<\/span><\/a><\/li>\n<\/ul>\t\t\t<\/nav>\n\t\t\t\t\t<div class=\"elementor-menu-toggle\" role=\"button\" tabindex=\"0\" aria-label=\"Alternar men\u00fa\" aria-expanded=\"false\">\n\t\t\t<svg aria-hidden=\"true\" role=\"presentation\" class=\"elementor-menu-toggle__icon--open e-font-icon-svg e-eicon-menu-bar\" viewBox=\"0 0 1000 1000\" xmlns=\"http:\/\/www.w3.org\/2000\/svg\"><path d=\"M104 333H896C929 333 958 304 958 271S929 208 896 208H104C71 208 42 237 42 271S71 333 104 333ZM104 583H896C929 583 958 554 958 521S929 458 896 458H104C71 458 42 487 42 521S71 583 104 583ZM104 833H896C929 833 958 804 958 771S929 708 896 708H104C71 708 42 737 42 771S71 833 104 833Z\"><\/path><\/svg><svg aria-hidden=\"true\" role=\"presentation\" class=\"elementor-menu-toggle__icon--close e-font-icon-svg e-eicon-close\" viewBox=\"0 0 1000 1000\" xmlns=\"http:\/\/www.w3.org\/2000\/svg\"><path d=\"M742 167L500 408 258 167C246 154 233 150 217 150 196 150 179 158 167 167 154 179 150 196 150 212 150 229 154 242 171 254L408 500 167 742C138 771 138 800 167 829 196 858 225 858 254 829L496 587 738 829C750 842 767 846 783 846 800 846 817 842 829 829 842 817 846 804 846 783 846 767 842 750 829 737L588 500 833 258C863 229 863 200 833 171 804 137 775 137 742 167Z\"><\/path><\/svg>\t\t<\/div>\n\t\t\t\t\t<nav class=\"elementor-nav-menu--dropdown elementor-nav-menu__container\" aria-hidden=\"true\">\n\t\t\t\t<ul id=\"menu-2-950a9d5\" class=\"elementor-nav-menu sm-vertical\"><li class=\"menu-item menu-item-type-post_type menu-item-object-page menu-item-68\"><a href=\"https:\/\/beautellarquitectos.com\/works\/\" class=\"elementor-item\" tabindex=\"-1\">Works<\/a><\/li>\n<li class=\"menu-item menu-item-type-post_type menu-item-object-page menu-item-66\"><a href=\"https:\/\/beautellarquitectos.com\/thinking\/\" class=\"elementor-item\" tabindex=\"-1\">Thinking<\/a><\/li>\n<li class=\"menu-item menu-item-type-post_type menu-item-object-page menu-item-67\"><a href=\"https:\/\/beautellarquitectos.com\/practice\/\" class=\"elementor-item\" tabindex=\"-1\">Practice<\/a><\/li>\n<li class=\"menu-item wpml-ls-slot-4 wpml-ls-item wpml-ls-item-en wpml-ls-menu-item wpml-ls-first-item wpml-ls-last-item menu-item-type-wpml_ls_menu_item menu-item-object-wpml_ls_menu_item menu-item-wpml-ls-4-en\"><a href=\"https:\/\/beautellarquitectos.com\/\" title=\"Cambiar a EN\" class=\"elementor-item\" tabindex=\"-1\"><span class=\"wpml-ls-native\" lang=\"en\">EN<\/span><\/a><\/li>\n<\/ul>\t\t\t<\/nav>\n\t\t\t\t\t\t<\/div>\n\t\t\t\t<\/div>\n\t\t\t\t<\/div>\n\t\t\t\t\t<\/div>\n\t\t\t\t<\/div>\n\t\t\t\t<\/div>\n\t\t","protected":false},"excerpt":{"rendered":"<p>Aviso Legal Titular del sitio Nombre comercial: Beautell Architects Titular: Alejandro Beautell Garc\u00eda NIF: 78559537R Domicilio profesional: C\/ Se\u00f1or de las Tribulaciones 11-22, 38001 Santa Cruz de Tenerife, Espa\u00f1a Contacto: info@beautellarquitectos.com | +34 922 897 034 Colegiado 2,856 del Colegio Oficial de Arquitectos de Tenerife, La Gomera y El Hierro ObjetoEste sitio web muestra la [&hellip;]<\/p>\n","protected":false},"author":1,"featured_media":1600,"parent":0,"menu_order":0,"comment_status":"closed","ping_status":"closed","template":"","meta":{"_acf_changed":false,"footnotes":""},"class_list":["post-1332","page","type-page","status-publish","has-post-thumbnail","hentry"],"acf":[],"yoast_head":"<!-- This site is optimized with the Yoast SEO plugin v27.3 - https:\/\/yoast.com\/product\/yoast-seo-wordpress\/ -->\n<title>Aviso Legal - Beautell Arquitectos<\/title>\n<meta name=\"robots\" content=\"index, follow, max-snippet:-1, max-image-preview:large, max-video-preview:-1\" \/>\n<link rel=\"canonical\" href=\"https:\/\/beautellarquitectos.com\/es\/aviso-legal\/\" \/>\n<meta property=\"og:locale\" content=\"es_ES\" \/>\n<meta property=\"og:type\" content=\"article\" \/>\n<meta property=\"og:title\" content=\"Aviso Legal - Beautell Arquitectos\" \/>\n<meta property=\"og:description\" content=\"Aviso Legal Titular del sitio Nombre comercial: Beautell Architects Titular: Alejandro Beautell Garc\u00eda NIF: 78559537R Domicilio profesional: C\/ Se\u00f1or de las Tribulaciones 11-22, 38001 Santa Cruz de Tenerife, Espa\u00f1a Contacto: info@beautellarquitectos.com | +34 922 897 034 Colegiado 2,856 del Colegio Oficial de Arquitectos de Tenerife, La Gomera y El Hierro ObjetoEste sitio web muestra la [&hellip;]\" \/>\n<meta property=\"og:url\" content=\"https:\/\/beautellarquitectos.com\/es\/aviso-legal\/\" \/>\n<meta property=\"og:site_name\" content=\"Beautell Arquitectos\" \/>\n<meta property=\"article:modified_time\" content=\"2025-06-26T09:15:32+00:00\" \/>\n<meta property=\"og:image\" content=\"https:\/\/beautellarquitectos.com\/wp-content\/uploads\/2025\/06\/featured-image-beautell.jpg\" \/>\n\t<meta property=\"og:image:width\" content=\"1200\" \/>\n\t<meta property=\"og:image:height\" content=\"400\" \/>\n\t<meta property=\"og:image:type\" content=\"image\/jpeg\" \/>\n<meta name=\"twitter:card\" content=\"summary_large_image\" \/>\n<meta name=\"twitter:label1\" content=\"Tiempo de lectura\" \/>\n\t<meta name=\"twitter:data1\" content=\"1 minuto\" \/>\n<script type=\"application\/ld+json\" class=\"yoast-schema-graph\">{\"@context\":\"https:\\\/\\\/schema.org\",\"@graph\":[{\"@type\":\"WebPage\",\"@id\":\"https:\\\/\\\/beautellarquitectos.com\\\/es\\\/aviso-legal\\\/\",\"url\":\"https:\\\/\\\/beautellarquitectos.com\\\/es\\\/aviso-legal\\\/\",\"name\":\"Aviso Legal - Beautell Arquitectos\",\"isPartOf\":{\"@id\":\"https:\\\/\\\/beautellarquitectos.com\\\/es\\\/#website\"},\"primaryImageOfPage\":{\"@id\":\"https:\\\/\\\/beautellarquitectos.com\\\/es\\\/aviso-legal\\\/#primaryimage\"},\"image\":{\"@id\":\"https:\\\/\\\/beautellarquitectos.com\\\/es\\\/aviso-legal\\\/#primaryimage\"},\"thumbnailUrl\":\"https:\\\/\\\/beautellarquitectos.com\\\/wp-content\\\/uploads\\\/2025\\\/06\\\/featured-image-beautell.jpg\",\"datePublished\":\"2025-06-16T09:59:32+00:00\",\"dateModified\":\"2025-06-26T09:15:32+00:00\",\"breadcrumb\":{\"@id\":\"https:\\\/\\\/beautellarquitectos.com\\\/es\\\/aviso-legal\\\/#breadcrumb\"},\"inLanguage\":\"es\",\"potentialAction\":[{\"@type\":\"ReadAction\",\"target\":[\"https:\\\/\\\/beautellarquitectos.com\\\/es\\\/aviso-legal\\\/\"]}]},{\"@type\":\"ImageObject\",\"inLanguage\":\"es\",\"@id\":\"https:\\\/\\\/beautellarquitectos.com\\\/es\\\/aviso-legal\\\/#primaryimage\",\"url\":\"https:\\\/\\\/beautellarquitectos.com\\\/wp-content\\\/uploads\\\/2025\\\/06\\\/featured-image-beautell.jpg\",\"contentUrl\":\"https:\\\/\\\/beautellarquitectos.com\\\/wp-content\\\/uploads\\\/2025\\\/06\\\/featured-image-beautell.jpg\",\"width\":1200,\"height\":400},{\"@type\":\"BreadcrumbList\",\"@id\":\"https:\\\/\\\/beautellarquitectos.com\\\/es\\\/aviso-legal\\\/#breadcrumb\",\"itemListElement\":[{\"@type\":\"ListItem\",\"position\":1,\"name\":\"Portada\",\"item\":\"https:\\\/\\\/beautellarquitectos.com\\\/es\\\/\"},{\"@type\":\"ListItem\",\"position\":2,\"name\":\"Aviso Legal\"}]},{\"@type\":\"WebSite\",\"@id\":\"https:\\\/\\\/beautellarquitectos.com\\\/es\\\/#website\",\"url\":\"https:\\\/\\\/beautellarquitectos.com\\\/es\\\/\",\"name\":\"Beautell Arquitectos\",\"description\":\"Alejandro y Fernando Beautell Islas Canarias Espa&ntilde;a\",\"potentialAction\":[{\"@type\":\"SearchAction\",\"target\":{\"@type\":\"EntryPoint\",\"urlTemplate\":\"https:\\\/\\\/beautellarquitectos.com\\\/es\\\/?s={search_term_string}\"},\"query-input\":{\"@type\":\"PropertyValueSpecification\",\"valueRequired\":true,\"valueName\":\"search_term_string\"}}],\"inLanguage\":\"es\"}]}<\/script>\n<!-- \/ Yoast SEO plugin. -->","yoast_head_json":{"title":"Aviso Legal - Beautell Arquitectos","robots":{"index":"index","follow":"follow","max-snippet":"max-snippet:-1","max-image-preview":"max-image-preview:large","max-video-preview":"max-video-preview:-1"},"canonical":"https:\/\/beautellarquitectos.com\/es\/aviso-legal\/","og_locale":"es_ES","og_type":"article","og_title":"Aviso Legal - Beautell Arquitectos","og_description":"Aviso Legal Titular del sitio Nombre comercial: Beautell Architects Titular: Alejandro Beautell Garc\u00eda NIF: 78559537R Domicilio profesional: C\/ Se\u00f1or de las Tribulaciones 11-22, 38001 Santa Cruz de Tenerife, Espa\u00f1a Contacto: info@beautellarquitectos.com | +34 922 897 034 Colegiado 2,856 del Colegio Oficial de Arquitectos de Tenerife, La Gomera y El Hierro ObjetoEste sitio web muestra la [&hellip;]","og_url":"https:\/\/beautellarquitectos.com\/es\/aviso-legal\/","og_site_name":"Beautell Arquitectos","article_modified_time":"2025-06-26T09:15:32+00:00","og_image":[{"width":1200,"height":400,"url":"https:\/\/beautellarquitectos.com\/wp-content\/uploads\/2025\/06\/featured-image-beautell.jpg","type":"image\/jpeg"}],"twitter_card":"summary_large_image","twitter_misc":{"Tiempo de lectura":"1 minuto"},"schema":{"@context":"https:\/\/schema.org","@graph":[{"@type":"WebPage","@id":"https:\/\/beautellarquitectos.com\/es\/aviso-legal\/","url":"https:\/\/beautellarquitectos.com\/es\/aviso-legal\/","name":"Aviso Legal - Beautell Arquitectos","isPartOf":{"@id":"https:\/\/beautellarquitectos.com\/es\/#website"},"primaryImageOfPage":{"@id":"https:\/\/beautellarquitectos.com\/es\/aviso-legal\/#primaryimage"},"image":{"@id":"https:\/\/beautellarquitectos.com\/es\/aviso-legal\/#primaryimage"},"thumbnailUrl":"https:\/\/beautellarquitectos.com\/wp-content\/uploads\/2025\/06\/featured-image-beautell.jpg","datePublished":"2025-06-16T09:59:32+00:00","dateModified":"2025-06-26T09:15:32+00:00","breadcrumb":{"@id":"https:\/\/beautellarquitectos.com\/es\/aviso-legal\/#breadcrumb"},"inLanguage":"es","potentialAction":[{"@type":"ReadAction","target":["https:\/\/beautellarquitectos.com\/es\/aviso-legal\/"]}]},{"@type":"ImageObject","inLanguage":"es","@id":"https:\/\/beautellarquitectos.com\/es\/aviso-legal\/#primaryimage","url":"https:\/\/beautellarquitectos.com\/wp-content\/uploads\/2025\/06\/featured-image-beautell.jpg","contentUrl":"https:\/\/beautellarquitectos.com\/wp-content\/uploads\/2025\/06\/featured-image-beautell.jpg","width":1200,"height":400},{"@type":"BreadcrumbList","@id":"https:\/\/beautellarquitectos.com\/es\/aviso-legal\/#breadcrumb","itemListElement":[{"@type":"ListItem","position":1,"name":"Portada","item":"https:\/\/beautellarquitectos.com\/es\/"},{"@type":"ListItem","position":2,"name":"Aviso Legal"}]},{"@type":"WebSite","@id":"https:\/\/beautellarquitectos.com\/es\/#website","url":"https:\/\/beautellarquitectos.com\/es\/","name":"Beautell Arquitectos","description":"Alejandro y Fernando Beautell Islas Canarias Espa&ntilde;a","potentialAction":[{"@type":"SearchAction","target":{"@type":"EntryPoint","urlTemplate":"https:\/\/beautellarquitectos.com\/es\/?s={search_term_string}"},"query-input":{"@type":"PropertyValueSpecification","valueRequired":true,"valueName":"search_term_string"}}],"inLanguage":"es"}]}},"_links":{"self":[{"href":"https:\/\/beautellarquitectos.com\/es\/wp-json\/wp\/v2\/pages\/1332","targetHints":{"allow":["GET"]}}],"collection":[{"href":"https:\/\/beautellarquitectos.com\/es\/wp-json\/wp\/v2\/pages"}],"about":[{"href":"https:\/\/beautellarquitectos.com\/es\/wp-json\/wp\/v2\/types\/page"}],"author":[{"embeddable":true,"href":"https:\/\/beautellarquitectos.com\/es\/wp-json\/wp\/v2\/users\/1"}],"replies":[{"embeddable":true,"href":"https:\/\/beautellarquitectos.com\/es\/wp-json\/wp\/v2\/comments?post=1332"}],"version-history":[{"count":1,"href":"https:\/\/beautellarquitectos.com\/es\/wp-json\/wp\/v2\/pages\/1332\/revisions"}],"predecessor-version":[{"id":1333,"href":"https:\/\/beautellarquitectos.com\/es\/wp-json\/wp\/v2\/pages\/1332\/revisions\/1333"}],"wp:featuredmedia":[{"embeddable":true,"href":"https:\/\/beautellarquitectos.com\/es\/wp-json\/wp\/v2\/media\/1600"}],"wp:attachment":[{"href":"https:\/\/beautellarquitectos.com\/es\/wp-json\/wp\/v2\/media?parent=1332"}],"curies":[{"name":"wp","href":"https:\/\/api.w.org\/{rel}","templated":true}]}}